{"id":7,"date":"2020-05-06T13:43:16","date_gmt":"2020-05-06T11:43:16","guid":{"rendered":"https:\/\/www.yourhomeinspain.eu\/privacy-statement\/"},"modified":"2021-01-21T12:32:06","modified_gmt":"2021-01-21T11:32:06","slug":"privacidad-politica-de-cookies","status":"publish","type":"page","link":"https:\/\/www.yourhomeinspain.eu\/es\/privacy-cookies-policy\/","title":{"rendered":"Pol\u00edtica de privacidad y cookies"},"content":{"rendered":"<p>Su privacidad es importante para nosotros. En esta declaraci\u00f3n de privacidad explicamos qu\u00e9 datos personales recogemos de nuestros usuarios y c\u00f3mo los utilizamos. Le recomendamos que lea atentamente estas condiciones antes de facilitar sus datos personales a nuestro sitio web. http:\/\/www.yourhomeinspain.eu<\/p>\n<p>En este sitio web se respetan y cuidan los datos personales de los usuarios. Como usuario debes saber que tus derechos est\u00e1n garantizados.<\/p>\n<p>Nos hemos esforzado por crear un espacio seguro y fiable y por eso queremos compartir nuestros principios relativos a su privacidad:<\/p>\n<ul>\n<li>Nunca solicitamos informaci\u00f3n personal a menos que sea realmente necesaria para prestarle los servicios que requiere.<\/li>\n<li>Nunca compartimos informaci\u00f3n personal sobre nuestros usuarios con nadie, salvo para cumplir la ley o en caso de que cuente con su autorizaci\u00f3n expresa.<\/li>\n<li>Nunca utilizamos sus datos personales para un fin distinto del expresado en esta pol\u00edtica de privacidad.<\/li>\n<\/ul>\n<p>Debe tenerse en cuenta que esta Pol\u00edtica de Privacidad puede variar en funci\u00f3n de exigencias legislativas o de autorregulaci\u00f3n, por lo que se recomienda a los usuarios que la visiten peri\u00f3dicamente. Ser\u00e1 aplicable en caso de que los usuarios decidan rellenar un formulario de contacto en el que se recaben datos personales.<\/p>\n<p>Your Home In Spain ha adecuado esta web a las exigencias de la Ley Org\u00e1nica 15\/1999, de 13 de diciembre, de Protecci\u00f3n de Datos de Car\u00e1cter Personal (LOPD), y al Real Decreto 1720\/2007, de 21 de diciembre, conocido como el Reglamento de desarrollo de la LOPD. Tambi\u00e9n cumple con el Reglamento (UE) 2016\/679 del Parlamento Europeo y del Consejo, de 27 de abril de 2016, relativo a la protecci\u00f3n de las personas f\u00edsicas (RGPD), as\u00ed como con la Ley 34\/2002, de 11 de julio, de Servicios de la Sociedad de la Informaci\u00f3n y Comercio Electr\u00f3nico (LSSICE o LSSI).<\/p>\n<p>A los efectos de lo dispuesto en el Reglamento General de Protecci\u00f3n de Datos antes citado, los datos personales que nos remita a trav\u00e9s de los formularios de la web, recibir\u00e1n el tratamiento de datos de \u201cUsuarios de la web y suscriptores\u201d.<\/p>\n<p>Para el tratamiento de los datos de nuestros usuarios, implementamos todas las medidas de seguridad t\u00e9cnicas y organizativas establecidas en la legislaci\u00f3n vigente.<\/p>\n<p><strong>PRINCIPIOS APLICADOS A SU INFORMACI\u00d3N PERSONAL<\/strong><\/p>\n<p>En el tratamiento de sus datos personales, aplicaremos los siguientes principios que cumplen los requisitos del nuevo reglamento europeo de protecci\u00f3n de datos:<\/p>\n<ul>\n<li>Principio de legalidad, lealtad y transparencia: Siempre requeriremos su consentimiento para el tratamiento de sus datos personales para uno o varios fines espec\u00edficos que le informaremos previamente con absoluta transparencia.<\/li>\n<li>Principio de minimizaci\u00f3n de datos: S\u00f3lo solicitaremos los datos estrictamente necesarios en relaci\u00f3n con los fines para los que los requerimos. Los m\u00ednimos posibles.<\/li>\n<li>Principio de limitaci\u00f3n del plazo de conservaci\u00f3n: los datos se conservar\u00e1n durante no m\u00e1s tiempo del necesario para los fines del tratamiento, dependiendo de la finalidad, le informaremos del plazo de conservaci\u00f3n correspondiente, en el caso de suscripciones, revisaremos peri\u00f3dicamente nuestras listas y eliminaremos aquellos registros inactivos durante un tiempo considerable.<\/li>\n<li>Principio de integridad y confidencialidad: Sus datos ser\u00e1n tratados de forma que se garantice una adecuada seguridad de los datos personales y se garantice su confidencialidad. Debe saber que tomamos todas las precauciones necesarias para evitar el acceso no autorizado o el uso indebido de los datos de nuestros usuarios por parte de terceros.<\/li>\n<\/ul>\n<p><strong>OBTENCI\u00d3N DE SUS DATOS<\/strong><\/p>\n<p>Los datos personales que tratamos en Your Home In Spain proceden de:<\/p>\n<ul>\n<li>Formulario de suscripci\u00f3n<\/li>\n<li>O a trav\u00e9s de un tercero al que usted haya dado permiso para que nos facilite su contacto y as\u00ed ofrecerle nuestros servicios.<\/li>\n<\/ul>\n<p><strong>SUS DERECHOS<\/strong><\/p>\n<p>Cualquier persona tiene derecho a obtener confirmaci\u00f3n sobre si en Your Home In Spain estamos tratando datos personales que nos concierne, o no.<\/p>\n<p>Las personas interesadas tienen derecho a:<\/p>\n<ul>\n<li>Solicitar el acceso a los datos personales del interesado<\/li>\n<li>Solicitud de rectificaci\u00f3n o supresi\u00f3n<\/li>\n<li>Solicitar la limitaci\u00f3n de su tratamiento<\/li>\n<li>Oponerse al tratamiento<\/li>\n<li>Solicitar la portabilidad de los datos<\/li>\n<\/ul>\n<p>Los interesados podr\u00e1n acceder a sus datos personales, as\u00ed como solicitar la rectificaci\u00f3n de los datos inexactos o, en su caso, solicitar su supresi\u00f3n cuando, entre otros motivos, los datos ya no sean necesarios para los fines que fueron recogidos. En determinadas circunstancias, los interesados podr\u00e1n solicitar la limitaci\u00f3n del tratamiento de sus datos, en cuyo caso \u00fanicamente los conservar\u00e9 para el ejercicio o la defensa de reclamaciones.<\/p>\n<p>En determinadas circunstancias y por motivos relacionados con su situaci\u00f3n particular, los interesados podr\u00e1n oponerse al tratamiento de sus datos. Your Home In Spain dejar\u00e1 de tratar los datos, salvo por motivos leg\u00edtimos imperiosos, o el ejercicio o la defensa de posibles reclamaciones. Como interesado, tiene derecho a recibir los datos personales que le conciernen, que nos haya facilitado y en un formato estructurado, de uso com\u00fan y lectura mec\u00e1nica, y a transmitirlos a otro responsable del tratamiento cuando:<\/p>\n<ul>\n<li>El tratamiento se basa en el consentimiento<\/li>\n<li>Los datos han sido facilitados por el interesado.<\/li>\n<li>El tratamiento se realiza por medios automatizados.<\/li>\n<\/ul>\n<p>Al ejercer su derecho a la portabilidad de los datos, tendr\u00e1 derecho a que los datos personales se transmitan directamente de responsable a responsable cuando sea t\u00e9cnicamente posible.<\/p>\n<p>Los interesados tambi\u00e9n tendr\u00e1n derecho a la tutela judicial efectiva y a presentar una reclamaci\u00f3n ante la autoridad de control, en este caso, la Agencia Espa\u00f1ola de Protecci\u00f3n de Datos, si consideran que el tratamiento de datos personales que les concierne vulnera el Reglamento.<\/p>\n<p><strong>FINALIDAD DEL TRATAMIENTO DE SUS DATOS PERSONALES<\/strong><\/p>\n<p>Cuando un usuario se conecta con esta web por ejemplo para interesarse por un inmueble, mandar un correo al titular, suscribirse o realizar alguna contrataci\u00f3n, est\u00e1 facilitando informaci\u00f3n de car\u00e1cter personal de la que es responsable Your Home In Spain. Esta informaci\u00f3n puede incluir datos personales como su direcci\u00f3n IP, nombre, direcci\u00f3n postal o f\u00edsica, direcci\u00f3n de correo electr\u00f3nico, n\u00famero de tel\u00e9fono y otra informaci\u00f3n. Al facilitar esta informaci\u00f3n, el usuario da su consentimiento para que su informaci\u00f3n sea recopilada, utilizada, gestionada y almacenada por http:\/\/www.yourhomeinspain.eu, \u00fanicamente como se describe en el Aviso Legal y en la presente Pol\u00edtica de Privacidad.<\/p>\n<p>En Your Home In Spain existe un sistema de captura de datos personales, y trato la informaci\u00f3n que me facilitan las personas interesadas con el siguiente fin por cada sistema de captura (formularios):<\/p>\n<ul>\n<li>Formulario de contacto y suscripci\u00f3n a contenidos: En este caso, solicito los siguientes datos personales: Nombre, Email, Direcci\u00f3n IP, para gestionar la lista de suscripciones, enviar boletines, promociones y ofertas especiales, responder a los requerimientos y dudas sobre viviendas concretas, que son facilitados por el usuario al realizar la suscripci\u00f3n. Dentro de la web existen varios formularios para activar la suscripci\u00f3n. Los boletines electr\u00f3nicos o newsletter son gestionados por Your Home In Spain. Le informo que los datos que nos facilite estar\u00e1n ubicados en el servidor de Your Home In Spain.<\/li>\n<\/ul>\n<p>Existen otros fines para los que trato sus datos personales:<\/p>\n<ul>\n<li>Garantizar el cumplimiento de las condiciones de uso y de la legislaci\u00f3n aplicable. Esto puede incluir el desarrollo de herramientas y algoritmos que ayuden a este sitio web a garantizar la confidencialidad de los datos personales que recopila.<\/li>\n<li>Para apoyar y mejorar los servicios ofrecidos por este sitio web.<\/li>\n<li>Tambi\u00e9n se recogen otros datos no identificativos obtenidos a trav\u00e9s de algunas cookies que se descargan en el ordenador del usuario al navegar por este sitio web, que detallo en la pol\u00edtica de cookies.<\/li>\n<li>Gestionar las redes sociales: Tu Casa En Espa\u00f1a puede tener presencia en redes sociales. El tratamiento de los datos que se lleve a cabo de las personas que se hagan seguidoras en las redes sociales de las p\u00e1ginas oficiales de http:\/\/www.yourhomeinspain.eu, se regir\u00e1 por este apartado, as\u00ed como por aquellas condiciones de uso, pol\u00edticas de privacidad y normativas de acceso que pertenezcan a la red social que proceda en cada caso y aceptadas previamente por el usuario de Your Home In Spain. Tratar\u00e1 sus datos con las finalidades de administrar correctamente su presencia en la red social, informando de actividades, productos o servicios de Your Home In Spain, as\u00ed como para cualquier otra finalidad que las normativas de las redes sociales permitan. En ning\u00fan caso utilizaremos los perfiles de los seguidores en las redes sociales para enviar publicidad de forma individual.<\/li>\n<\/ul>\n<p>De conformidad con lo establecido en el reglamento general de protecci\u00f3n de datos europeo (RGPD) 2016\/679, Your Home In Spain ser\u00e1 responsable del tratamiento de los datos correspondientes a los usuarios del sitio web y suscriptores.<\/p>\n<p>Your Home In Spain, no vende, alquila ni cede datos de car\u00e1cter personal que puedan identificar al usuario, ni lo har\u00e1 en el futuro, a terceros sin el consentimiento previo. No obstante, en algunos casos se podr\u00e1n realizar colaboraciones con otros profesionales, en esos casos, se requerir\u00e1 el consentimiento de los usuarios informando sobre la identidad del colaborador y la finalidad de la colaboraci\u00f3n. Siempre se har\u00e1 con las m\u00e1s estrictas normas de seguridad.<\/p>\n<p><strong>Env\u00edo de mensajes de correo electr\u00f3nico con fines de contacto<\/strong><\/p>\n<p>Un caso especial de tratamiento de datos en Your Home In Spain, se refiere a los mensajes de correo electr\u00f3nico que los usuarios env\u00edan con el fin de contactar con Your Home In Spain. Los usuarios pueden realizar consultas sobre las viviendas publicadas en la web, enviar sugerencias o cualquier otra finalidad.<\/p>\n<p>Aunque no existe un formulario de captura de datos, a efectos de contacto, los usuarios pueden enviar correos electr\u00f3nicos. Para ello, Your Home In Spain utiliza el sistema de correo electr\u00f3nico de Hostnet.nl, Outlook (Microsoft) y Google. Los mensajes de los usuarios con esta finalidad se almacenan en las cuentas de Your Home In Spain y los datos correspondientes (e-mail y nombre) bajo la pol\u00edtica de privacidad de Microsoft.<\/p>\n<p>Los datos almacenados en las cuentas de Outlook de Your Home In Spain no se ceden ni se comparten con nadie; y usted puede ejercer sus derechos legales, tal y como se especifica en esta pol\u00edtica de privacidad.<\/p>\n<p><strong>Legitimaci\u00f3n para el tratamiento de sus datos<\/strong><\/p>\n<p>La base jur\u00eddica para el tratamiento de sus datos es: el consentimiento.<\/p>\n<p>Para contactar o hacer comentarios en este sitio web, se requiere el consentimiento con esta pol\u00edtica de privacidad.<\/p>\n<p>La oferta prospectiva o comercial de productos y servicios se basa en el consentimiento que se solicita, sin que en ning\u00fan caso la retirada de dicho consentimiento condicione la ejecuci\u00f3n del contrato de suscripci\u00f3n.<\/p>\n<p>Categor\u00eda de datos<\/p>\n<p>Las categor\u00edas de datos que se tratan son datos identificativos.No se tratan categor\u00edas de datos especialmente protegidos.\u00bfCu\u00e1nto tiempo conservar\u00e9 sus datos?<\/p>\n<p>Los datos personales facilitados se conservar\u00e1n:<\/p>\n<ul>\n<li>Hasta que se solicite su supresi\u00f3n por el interesado.<\/li>\n<\/ul>\n<p><strong>COMUNICACI\u00d3N DE DATOS A TERCEROS<\/strong><\/p>\n<p>Muchas de las herramientas que utilizamos para gestionar sus datos son contratadas por terceros.<\/p>\n<p>Para prestar servicios estrictamente necesarios para el desarrollo de la actividad, http:\/\/www.yourhomeinspain.eu, comparte datos con los siguientes prestadores bajo sus correspondientes condiciones de privacidad:<\/p>\n<p>Google Analytics: un servicio anal\u00edtico de web prestado por Google, Inc, una compa\u00f1\u00eda de Delaware cuya sede central se encuentra en 1600 Amphitheatre Parkway, Mountain View (California), CA 94043, Estados Unidos (\u201cGoogle\u201d). Google Analytics utiliza \u201ccookies\u201d, que son archivos de texto ubicados en su ordenador, para ayudar a http: \/\/ www.yourhomeinspain.eu a analizar el uso que hacen los usuarios del sitio web. La informaci\u00f3n que genera la cookie acerca de su uso de http:\/\/www.yourhomeinspain.eu ser\u00e1 directamente transmitida y archivada por Google en los servidores de Estados Unidos. La direcci\u00f3n IP se anonimiza, por lo que no ser\u00e1 recopilada por Google.<\/p>\n<p>Alojamiento y plataforma web: Hostnet.nl. Trata los datos para poder realizar sus servicios de hosting a Tu Casa En Espa\u00f1a.<\/p>\n<p><strong>Navegaci\u00f3n<\/strong><\/p>\n<p>Al navegar por http:\/\/www.yourhomeinspain.eu se pueden recoger datos no identificables, que pueden incluir, direcciones IP, ubicaci\u00f3n geogr\u00e1fica (aproximada), un registro de c\u00f3mo se utilizan los servicios y sitios, y otros datos que no pueden ser utilizados para identificar al usuario. Entre los datos no identificables tambi\u00e9n se encuentran los relacionados con sus h\u00e1bitos de navegaci\u00f3n a trav\u00e9s de servicios de terceros. Este sitio web utiliza los siguientes servicios de an\u00e1lisis de terceros:<\/p>\n<ul>\n<li>An\u00e1lisis de Google<\/li>\n<\/ul>\n<p>Utilizo esta informaci\u00f3n para analizar tendencias, administrar el sitio, rastrear los movimientos de los usuarios por el sitio y recopilar informaci\u00f3n demogr\u00e1fica sobre mi base de usuarios en su conjunto.<\/p>\n<p><strong>Seguridad y confidencialidad de los datos<\/strong><\/p>\n<p>http:\/\/www.yourhomeinspain.eu se compromete en el uso y tratamiento de los datos personales incluidos de los usuarios, respetando su confidencialidad y a utilizarlos de acuerdo con la finalidad del mismo, as\u00ed como a dar cumplimiento a su obligaci\u00f3n de guardarlos y adaptar todas las medidas para evitar la alteraci\u00f3n, p\u00e9rdida, tratamiento o acceso no autorizado, de conformidad con lo establecido en la normativa vigente de protecci\u00f3n de datos.<\/p>\n<p>Este sitio web incluye un certificado SSL. Es un protocolo de seguridad que hace que sus datos viajen de forma \u00edntegra y segura, es decir, que la transmisi\u00f3n de datos entre un servidor y el usuario de la web, y en retroalimentaci\u00f3n, sea totalmente cifrada o encriptada.<\/p>\n<p>http:\/\/www.yourhomeinspain.eucan no garantiza la absoluta inexpugnabilidad de la red Internet y por tanto la violaci\u00f3n de los datos mediante accesos fraudulentos a ellos por parte de terceros.<\/p>\n<p>Con respecto a la confidencialidad del tratamiento, Your Home In Spain se asegurar\u00e1 de que cualquier persona que est\u00e9 autorizada por ella para tratar los datos del cliente (incluido su personal, colaboradores y proveedores), estar\u00e1 bajo la obligaci\u00f3n apropiada de confidencialidad (ya sea un deber contractual o legal).<\/p>\n<p>Cuando se produzca un incidente de seguridad, al darse cuenta Tu Casa En Espa\u00f1a, deber\u00e1 notificarlo al Cliente sin demoras indebidas y deber\u00e1 proporcionar informaci\u00f3n oportuna relacionada con el Incidente de Seguridad tal como se conozca o cuando el Cliente lo solicite razonablemente.<\/p>\n<p><strong>Precisi\u00f3n y exactitud de los datos<\/strong><\/p>\n<p>Como usuario, eres el \u00fanico responsable de la veracidad y correcci\u00f3n de los datos que remitas a http:\/\/www.yourhomeinspain.eu exonerando a Your Home In Spain, de cualquier responsabilidad al respecto.<\/p>\n<p>Los usuarios garantizan y responden, en cualquier caso, de la exactitud, vigencia y autenticidad de los datos personales facilitados, y se comprometen a mantenerlos debidamente actualizados. El usuario acepta proporcionar informaci\u00f3n completa y correcta en el formulario de contacto o suscripci\u00f3n.<\/p>\n<p><strong>Aceptaci\u00f3n y consentimiento<\/strong><\/p>\n<p>El usuario declara haber sido informado de las condiciones sobre protecci\u00f3n de datos de car\u00e1cter personal, aceptando y consintiendo el tratamiento de los mismos por parte de Your Home In Spain en la forma y para las finalidades indicadas en esta pol\u00edtica de privacidad.<\/p>\n<p><strong>Revocabilidad<\/strong><\/p>\n<p>El consentimiento prestado, tanto para el tratamiento como para la cesi\u00f3n de los datos de los interesados, es revocable en cualquier momento comunic\u00e1ndolo a Your Home In Spain en los t\u00e9rminos establecidos en esta Pol\u00edtica para el ejercicio de los derechos ARCO. Esta revocaci\u00f3n no tendr\u00e1 car\u00e1cter retroactivo en ning\u00fan caso.<\/p>\n<p><strong>Cambios en la pol\u00edtica de privacidad<\/strong><\/p>\n<p>Your Home In Spain se reserva el derecho a modificar la presente pol\u00edtica para adaptarla a novedades legislativas o jurisprudenciales, as\u00ed como a pr\u00e1cticas de la industria. En dichos supuestos, Your Home In Spain anunciar\u00e1 en esta p\u00e1gina los cambios introducidos con razonable antelaci\u00f3n a su puesta en pr\u00e1ctica.<\/p>\n<p><strong>Oficina comercial de correos<\/strong><\/p>\n<p>De acuerdo con la LSSICE, http:\/\/www.yourhomeinspain.eu no realiza pr\u00e1cticas de SPAM, por lo que no env\u00eda correos comerciales por v\u00eda electr\u00f3nica que no hayan sido previamente solicitados o autorizados por el usuario. En consecuencia, en cada uno de los formularios disponibles en la web, el usuario tiene la posibilidad de dar su consentimiento expreso para recibir la newsletter, con independencia de la informaci\u00f3n comercial puntualmente solicitada.<\/p>\n<p>Conforme a lo dispuesto en la Ley 34\/2002 de Servicios de la Sociedad de la Informaci\u00f3n y de comercio electr\u00f3nico, http:\/\/www.yourhomeinspain.eu se compromete a no remitir comunicaciones de car\u00e1cter comercial sin identificarlas debidamente.<\/p>\n<p>&nbsp;<\/p>","protected":false},"excerpt":{"rendered":"<p>Your privacy is important to us. In this privacy statement we explain what personal information we collect from our users and how we use them. We encourage you to read these terms carefully before providing your personal information to our website. http:\/\/www.yourhomeinspain.eu On this website, the personal data of the users are respected and taken&#8230; <a class=\"read-more\" href=\"https:\/\/www.yourhomeinspain.eu\/es\/privacy-cookies-policy\/\"><\/a><\/p>","protected":false},"author":3,"featured_media":0,"parent":0,"menu_order":0,"comment_status":"closed","ping_status":"closed","template":"","meta":{"_acf_changed":false,"footnotes":""},"class_list":["post-7","page","type-page","status-publish","hentry"],"acf":[],"yoast_head":"<!-- This site is optimized with the Yoast SEO plugin v27.3 - https:\/\/yoast.com\/product\/yoast-seo-wordpress\/ -->\n<title>Privacy &amp; Cookies Policy - Your Home in Spain<\/title>\n<meta name=\"description\" content=\"Your privacy is important to us. In this privacy statement we explain what personal information we collect from our users and how we use them. We\" \/>\n<meta name=\"robots\" content=\"index, follow, max-snippet:-1, max-image-preview:large, max-video-preview:-1\" \/>\n<link rel=\"canonical\" href=\"https:\/\/www.yourhomeinspain.eu\/es\/privacidad-politica-de-cookies\/\" \/>\n<meta property=\"og:locale\" content=\"es_ES\" \/>\n<meta property=\"og:type\" content=\"article\" \/>\n<meta property=\"og:title\" content=\"Privacy &amp; Cookies Policy - Your Home in Spain\" \/>\n<meta property=\"og:description\" content=\"Your privacy is important to us. In this privacy statement we explain what personal information we collect from our users and how we use them. We\" \/>\n<meta property=\"og:url\" content=\"https:\/\/www.yourhomeinspain.eu\/es\/privacidad-politica-de-cookies\/\" \/>\n<meta property=\"og:site_name\" content=\"Your Home in Spain\" \/>\n<meta property=\"article:modified_time\" content=\"2021-01-21T11:32:06+00:00\" \/>\n<meta name=\"twitter:card\" content=\"summary_large_image\" \/>\n<meta name=\"twitter:label1\" content=\"Tiempo de lectura\" \/>\n\t<meta name=\"twitter:data1\" content=\"11 minutos\" \/>\n<script type=\"application\/ld+json\" class=\"yoast-schema-graph\">{\"@context\":\"https:\\\/\\\/schema.org\",\"@graph\":[{\"@type\":\"WebPage\",\"@id\":\"https:\\\/\\\/www.yourhomeinspain.eu\\\/privacy-cookies-policy\\\/\",\"url\":\"https:\\\/\\\/www.yourhomeinspain.eu\\\/privacy-cookies-policy\\\/\",\"name\":\"Privacy &amp; Cookies Policy - Your Home in Spain\",\"isPartOf\":{\"@id\":\"https:\\\/\\\/www.yourhomeinspain.eu\\\/#website\"},\"datePublished\":\"2020-05-06T11:43:16+00:00\",\"dateModified\":\"2021-01-21T11:32:06+00:00\",\"description\":\"Your privacy is important to us. In this privacy statement we explain what personal information we collect from our users and how we use them. We\",\"breadcrumb\":{\"@id\":\"https:\\\/\\\/www.yourhomeinspain.eu\\\/privacy-cookies-policy\\\/#breadcrumb\"},\"inLanguage\":\"es\",\"potentialAction\":[{\"@type\":\"ReadAction\",\"target\":[\"https:\\\/\\\/www.yourhomeinspain.eu\\\/privacy-cookies-policy\\\/\"]}]},{\"@type\":\"BreadcrumbList\",\"@id\":\"https:\\\/\\\/www.yourhomeinspain.eu\\\/privacy-cookies-policy\\\/#breadcrumb\",\"itemListElement\":[{\"@type\":\"ListItem\",\"position\":1,\"name\":\"Home\",\"item\":\"https:\\\/\\\/www.yourhomeinspain.eu\\\/\"},{\"@type\":\"ListItem\",\"position\":2,\"name\":\"Privacy &amp; Cookies Policy\"}]},{\"@type\":\"WebSite\",\"@id\":\"https:\\\/\\\/www.yourhomeinspain.eu\\\/#website\",\"url\":\"https:\\\/\\\/www.yourhomeinspain.eu\\\/\",\"name\":\"Your Home in Spain\",\"description\":\"\",\"potentialAction\":[{\"@type\":\"SearchAction\",\"target\":{\"@type\":\"EntryPoint\",\"urlTemplate\":\"https:\\\/\\\/www.yourhomeinspain.eu\\\/?s={search_term_string}\"},\"query-input\":{\"@type\":\"PropertyValueSpecification\",\"valueRequired\":true,\"valueName\":\"search_term_string\"}}],\"inLanguage\":\"es\"}]}<\/script>\n<!-- \/ Yoast SEO plugin. -->","yoast_head_json":{"title":"Pol\u00edtica de privacidad y cookies - Tu casa en Espa\u00f1a","description":"Su privacidad es importante para nosotros. En esta declaraci\u00f3n de privacidad explicamos qu\u00e9 datos personales recogemos de nuestros usuarios y c\u00f3mo los utilizamos. Nosotros","robots":{"index":"index","follow":"follow","max-snippet":"max-snippet:-1","max-image-preview":"max-image-preview:large","max-video-preview":"max-video-preview:-1"},"canonical":"https:\/\/www.yourhomeinspain.eu\/es\/privacidad-politica-de-cookies\/","og_locale":"es_ES","og_type":"article","og_title":"Privacy &amp; Cookies Policy - Your Home in Spain","og_description":"Your privacy is important to us. In this privacy statement we explain what personal information we collect from our users and how we use them. We","og_url":"https:\/\/www.yourhomeinspain.eu\/es\/privacidad-politica-de-cookies\/","og_site_name":"Your Home in Spain","article_modified_time":"2021-01-21T11:32:06+00:00","twitter_card":"summary_large_image","twitter_misc":{"Tiempo de lectura":"11 minutos"},"schema":{"@context":"https:\/\/schema.org","@graph":[{"@type":"WebPage","@id":"https:\/\/www.yourhomeinspain.eu\/privacy-cookies-policy\/","url":"https:\/\/www.yourhomeinspain.eu\/privacy-cookies-policy\/","name":"Pol\u00edtica de privacidad y cookies - Tu casa en Espa\u00f1a","isPartOf":{"@id":"https:\/\/www.yourhomeinspain.eu\/#website"},"datePublished":"2020-05-06T11:43:16+00:00","dateModified":"2021-01-21T11:32:06+00:00","description":"Su privacidad es importante para nosotros. En esta declaraci\u00f3n de privacidad explicamos qu\u00e9 datos personales recogemos de nuestros usuarios y c\u00f3mo los utilizamos. Nosotros","breadcrumb":{"@id":"https:\/\/www.yourhomeinspain.eu\/privacy-cookies-policy\/#breadcrumb"},"inLanguage":"es","potentialAction":[{"@type":"ReadAction","target":["https:\/\/www.yourhomeinspain.eu\/privacy-cookies-policy\/"]}]},{"@type":"BreadcrumbList","@id":"https:\/\/www.yourhomeinspain.eu\/privacy-cookies-policy\/#breadcrumb","itemListElement":[{"@type":"ListItem","position":1,"name":"Home","item":"https:\/\/www.yourhomeinspain.eu\/"},{"@type":"ListItem","position":2,"name":"Privacy &amp; Cookies Policy"}]},{"@type":"WebSite","@id":"https:\/\/www.yourhomeinspain.eu\/#website","url":"https:\/\/www.yourhomeinspain.eu\/","name":"Su casa en Espa\u00f1a","description":"","potentialAction":[{"@type":"SearchAction","target":{"@type":"EntryPoint","urlTemplate":"https:\/\/www.yourhomeinspain.eu\/?s={search_term_string}"},"query-input":{"@type":"PropertyValueSpecification","valueRequired":true,"valueName":"search_term_string"}}],"inLanguage":"es"}]}},"_links":{"self":[{"href":"https:\/\/www.yourhomeinspain.eu\/es\/wp-json\/wp\/v2\/pages\/7","targetHints":{"allow":["GET"]}}],"collection":[{"href":"https:\/\/www.yourhomeinspain.eu\/es\/wp-json\/wp\/v2\/pages"}],"about":[{"href":"https:\/\/www.yourhomeinspain.eu\/es\/wp-json\/wp\/v2\/types\/page"}],"author":[{"embeddable":true,"href":"https:\/\/www.yourhomeinspain.eu\/es\/wp-json\/wp\/v2\/users\/3"}],"replies":[{"embeddable":true,"href":"https:\/\/www.yourhomeinspain.eu\/es\/wp-json\/wp\/v2\/comments?post=7"}],"version-history":[{"count":3,"href":"https:\/\/www.yourhomeinspain.eu\/es\/wp-json\/wp\/v2\/pages\/7\/revisions"}],"predecessor-version":[{"id":2426,"href":"https:\/\/www.yourhomeinspain.eu\/es\/wp-json\/wp\/v2\/pages\/7\/revisions\/2426"}],"wp:attachment":[{"href":"https:\/\/www.yourhomeinspain.eu\/es\/wp-json\/wp\/v2\/media?parent=7"}],"curies":[{"name":"wp","href":"https:\/\/api.w.org\/{rel}","templated":true}]}}