{"id":156,"date":"2020-09-25T15:59:31","date_gmt":"2020-09-25T13:59:31","guid":{"rendered":"https:\/\/www.yourhomeinspain.eu\/?page_id=156"},"modified":"2020-10-06T12:55:18","modified_gmt":"2020-10-06T10:55:18","slug":"trabaja-con-nosotros","status":"publish","type":"page","link":"https:\/\/www.yourhomeinspain.eu\/es\/work-with-us\/","title":{"rendered":"Trabaja con nosotros"},"content":{"rendered":"<p>\u00bfTrabajamos juntos? Si esto le interesa, ll\u00e1menos o env\u00edenos un mensaje. Estaremos encantados de recibir noticias suyas.<\/p>\n<h2>\u00bfPor qu\u00e9 trabajar con nosotros?<\/h2>\n<p>La transparencia y la integridad son la piedra angular de todas nuestras operaciones. Siempre somos francos con nuestras ofertas y nos enorgullecemos de hacer negocios de la manera correcta. Your Home In Spain se compromete a ofrecer a sus clientes las mejores ofertas a trav\u00e9s de nuestro enfoque sistem\u00e1tico y disciplinado, y a crear un cambio duradero en cada barrio que encontramos.<\/p>\n<h2>\u00c9xito garantizado<\/h2>\n<p>En Your Home In Spain buscamos ubicaciones y oportunidades de primer nivel que nos ayuden a prosperar y a aumentar al m\u00e1ximo nuestra tasa de \u00e9xito empresarial.<\/p>\n<p>Your Home In Spain es un promotor y agente inmobiliario de primera calidad con siempre una de las mejores oportunidades de negocio disponibles.<\/p>\n<p>En Your Home In Spain queremos que su empresa crezca con nosotros porque nuestro \u00e9xito es el suyo.<\/p>\n<p>Ponemos a disposici\u00f3n de su empresa todo el apoyo y la experiencia de una empresa consolidada en el sector.<\/p>\n<p>Si tiene alguna duda, p\u00f3ngase en contacto con nosotros hoy mismo y solicite m\u00e1s informaci\u00f3n sobre c\u00f3mo funciona la asociaci\u00f3n de empresas Your Home In Spain.<\/p>\n<p><a href=\"https:\/\/www.yourhomeinspain.eu\/es\/pongase-en-contacto-con\/\">CONECTAMOS<\/a><\/p>\n<p>&nbsp;<\/p>","protected":false},"excerpt":{"rendered":"<p>Should we work together? If this speaks to you, give us a call or send us a note. We are looking forward to hear from you! Why Work With Us? Transparency and integrity is the centrepiece of every deal we do. We are always upfront with our offers and pride ourselves on doing business the&#8230; <a class=\"read-more\" href=\"https:\/\/www.yourhomeinspain.eu\/es\/work-with-us\/\"><\/a><\/p>","protected":false},"author":3,"featured_media":257,"parent":0,"menu_order":0,"comment_status":"closed","ping_status":"closed","template":"","meta":{"_acf_changed":false,"footnotes":""},"class_list":["post-156","page","type-page","status-publish","has-post-thumbnail","hentry"],"acf":[],"yoast_head":"<!-- This site is optimized with the Yoast SEO plugin v27.3 - https:\/\/yoast.com\/product\/yoast-seo-wordpress\/ -->\n<title>Work with us - Your Home in Spain<\/title>\n<meta name=\"description\" content=\"Should we work together? If this speaks to you, give us a call or send us a note. We are looking forward to hear from you! Why Work With Us? Transparency\" \/>\n<meta name=\"robots\" content=\"index, follow, max-snippet:-1, max-image-preview:large, max-video-preview:-1\" \/>\n<link rel=\"canonical\" href=\"https:\/\/www.yourhomeinspain.eu\/es\/trabaja-con-nosotros\/\" \/>\n<meta property=\"og:locale\" content=\"es_ES\" \/>\n<meta property=\"og:type\" content=\"article\" \/>\n<meta property=\"og:title\" content=\"Work with us - Your Home in Spain\" \/>\n<meta property=\"og:description\" content=\"Should we work together? If this speaks to you, give us a call or send us a note. We are looking forward to hear from you! Why Work With Us? Transparency\" \/>\n<meta property=\"og:url\" content=\"https:\/\/www.yourhomeinspain.eu\/es\/trabaja-con-nosotros\/\" \/>\n<meta property=\"og:site_name\" content=\"Your Home in Spain\" \/>\n<meta property=\"article:modified_time\" content=\"2020-10-06T10:55:18+00:00\" \/>\n<meta property=\"og:image\" content=\"https:\/\/www.yourhomeinspain.eu\/wp-content\/uploads\/sites\/464\/2020\/10\/work-with-us-2.jpg\" \/>\n\t<meta property=\"og:image:width\" content=\"1037\" \/>\n\t<meta property=\"og:image:height\" content=\"216\" \/>\n\t<meta property=\"og:image:type\" content=\"image\/jpeg\" \/>\n<meta name=\"twitter:card\" content=\"summary_large_image\" \/>\n<meta name=\"twitter:label1\" content=\"Tiempo de lectura\" \/>\n\t<meta name=\"twitter:data1\" content=\"1 minuto\" \/>\n<script type=\"application\/ld+json\" class=\"yoast-schema-graph\">{\"@context\":\"https:\\\/\\\/schema.org\",\"@graph\":[{\"@type\":\"WebPage\",\"@id\":\"https:\\\/\\\/www.yourhomeinspain.eu\\\/work-with-us\\\/\",\"url\":\"https:\\\/\\\/www.yourhomeinspain.eu\\\/work-with-us\\\/\",\"name\":\"Work with us - Your Home in Spain\",\"isPartOf\":{\"@id\":\"https:\\\/\\\/www.yourhomeinspain.eu\\\/#website\"},\"primaryImageOfPage\":{\"@id\":\"https:\\\/\\\/www.yourhomeinspain.eu\\\/work-with-us\\\/#primaryimage\"},\"image\":{\"@id\":\"https:\\\/\\\/www.yourhomeinspain.eu\\\/work-with-us\\\/#primaryimage\"},\"thumbnailUrl\":\"https:\\\/\\\/www.yourhomeinspain.eu\\\/wp-content\\\/uploads\\\/sites\\\/464\\\/2020\\\/10\\\/work-with-us-2.jpg\",\"datePublished\":\"2020-09-25T13:59:31+00:00\",\"dateModified\":\"2020-10-06T10:55:18+00:00\",\"description\":\"Should we work together? If this speaks to you, give us a call or send us a note. We are looking forward to hear from you! Why Work With Us? Transparency\",\"breadcrumb\":{\"@id\":\"https:\\\/\\\/www.yourhomeinspain.eu\\\/work-with-us\\\/#breadcrumb\"},\"inLanguage\":\"es\",\"potentialAction\":[{\"@type\":\"ReadAction\",\"target\":[\"https:\\\/\\\/www.yourhomeinspain.eu\\\/work-with-us\\\/\"]}]},{\"@type\":\"ImageObject\",\"inLanguage\":\"es\",\"@id\":\"https:\\\/\\\/www.yourhomeinspain.eu\\\/work-with-us\\\/#primaryimage\",\"url\":\"https:\\\/\\\/www.yourhomeinspain.eu\\\/wp-content\\\/uploads\\\/sites\\\/464\\\/2020\\\/10\\\/work-with-us-2.jpg\",\"contentUrl\":\"https:\\\/\\\/www.yourhomeinspain.eu\\\/wp-content\\\/uploads\\\/sites\\\/464\\\/2020\\\/10\\\/work-with-us-2.jpg\",\"width\":1037,\"height\":216},{\"@type\":\"BreadcrumbList\",\"@id\":\"https:\\\/\\\/www.yourhomeinspain.eu\\\/work-with-us\\\/#breadcrumb\",\"itemListElement\":[{\"@type\":\"ListItem\",\"position\":1,\"name\":\"Home\",\"item\":\"https:\\\/\\\/www.yourhomeinspain.eu\\\/\"},{\"@type\":\"ListItem\",\"position\":2,\"name\":\"Work with us\"}]},{\"@type\":\"WebSite\",\"@id\":\"https:\\\/\\\/www.yourhomeinspain.eu\\\/#website\",\"url\":\"https:\\\/\\\/www.yourhomeinspain.eu\\\/\",\"name\":\"Your Home in Spain\",\"description\":\"\",\"potentialAction\":[{\"@type\":\"SearchAction\",\"target\":{\"@type\":\"EntryPoint\",\"urlTemplate\":\"https:\\\/\\\/www.yourhomeinspain.eu\\\/?s={search_term_string}\"},\"query-input\":{\"@type\":\"PropertyValueSpecification\",\"valueRequired\":true,\"valueName\":\"search_term_string\"}}],\"inLanguage\":\"es\"}]}<\/script>\n<!-- \/ Yoast SEO plugin. -->","yoast_head_json":{"title":"Trabaja con nosotros - Tu casa en Espa\u00f1a","description":"\u00bfTrabajamos juntos? Si esto le interesa, ll\u00e1menos o env\u00edenos un mensaje. Estaremos encantados de recibir noticias suyas. \u00bfPor qu\u00e9 trabajar con nosotros? Transparencia","robots":{"index":"index","follow":"follow","max-snippet":"max-snippet:-1","max-image-preview":"max-image-preview:large","max-video-preview":"max-video-preview:-1"},"canonical":"https:\/\/www.yourhomeinspain.eu\/es\/trabaja-con-nosotros\/","og_locale":"es_ES","og_type":"article","og_title":"Work with us - Your Home in Spain","og_description":"Should we work together? If this speaks to you, give us a call or send us a note. We are looking forward to hear from you! Why Work With Us? Transparency","og_url":"https:\/\/www.yourhomeinspain.eu\/es\/trabaja-con-nosotros\/","og_site_name":"Your Home in Spain","article_modified_time":"2020-10-06T10:55:18+00:00","og_image":[{"width":1037,"height":216,"url":"https:\/\/www.yourhomeinspain.eu\/wp-content\/uploads\/sites\/464\/2020\/10\/work-with-us-2.jpg","type":"image\/jpeg"}],"twitter_card":"summary_large_image","twitter_misc":{"Tiempo de lectura":"1 minuto"},"schema":{"@context":"https:\/\/schema.org","@graph":[{"@type":"WebPage","@id":"https:\/\/www.yourhomeinspain.eu\/work-with-us\/","url":"https:\/\/www.yourhomeinspain.eu\/work-with-us\/","name":"Trabaja con nosotros - Tu casa en Espa\u00f1a","isPartOf":{"@id":"https:\/\/www.yourhomeinspain.eu\/#website"},"primaryImageOfPage":{"@id":"https:\/\/www.yourhomeinspain.eu\/work-with-us\/#primaryimage"},"image":{"@id":"https:\/\/www.yourhomeinspain.eu\/work-with-us\/#primaryimage"},"thumbnailUrl":"https:\/\/www.yourhomeinspain.eu\/wp-content\/uploads\/sites\/464\/2020\/10\/work-with-us-2.jpg","datePublished":"2020-09-25T13:59:31+00:00","dateModified":"2020-10-06T10:55:18+00:00","description":"\u00bfTrabajamos juntos? Si esto le interesa, ll\u00e1menos o env\u00edenos un mensaje. Estaremos encantados de recibir noticias suyas. \u00bfPor qu\u00e9 trabajar con nosotros? Transparencia","breadcrumb":{"@id":"https:\/\/www.yourhomeinspain.eu\/work-with-us\/#breadcrumb"},"inLanguage":"es","potentialAction":[{"@type":"ReadAction","target":["https:\/\/www.yourhomeinspain.eu\/work-with-us\/"]}]},{"@type":"ImageObject","inLanguage":"es","@id":"https:\/\/www.yourhomeinspain.eu\/work-with-us\/#primaryimage","url":"https:\/\/www.yourhomeinspain.eu\/wp-content\/uploads\/sites\/464\/2020\/10\/work-with-us-2.jpg","contentUrl":"https:\/\/www.yourhomeinspain.eu\/wp-content\/uploads\/sites\/464\/2020\/10\/work-with-us-2.jpg","width":1037,"height":216},{"@type":"BreadcrumbList","@id":"https:\/\/www.yourhomeinspain.eu\/work-with-us\/#breadcrumb","itemListElement":[{"@type":"ListItem","position":1,"name":"Home","item":"https:\/\/www.yourhomeinspain.eu\/"},{"@type":"ListItem","position":2,"name":"Work with us"}]},{"@type":"WebSite","@id":"https:\/\/www.yourhomeinspain.eu\/#website","url":"https:\/\/www.yourhomeinspain.eu\/","name":"Su casa en Espa\u00f1a","description":"","potentialAction":[{"@type":"SearchAction","target":{"@type":"EntryPoint","urlTemplate":"https:\/\/www.yourhomeinspain.eu\/?s={search_term_string}"},"query-input":{"@type":"PropertyValueSpecification","valueRequired":true,"valueName":"search_term_string"}}],"inLanguage":"es"}]}},"_links":{"self":[{"href":"https:\/\/www.yourhomeinspain.eu\/es\/wp-json\/wp\/v2\/pages\/156","targetHints":{"allow":["GET"]}}],"collection":[{"href":"https:\/\/www.yourhomeinspain.eu\/es\/wp-json\/wp\/v2\/pages"}],"about":[{"href":"https:\/\/www.yourhomeinspain.eu\/es\/wp-json\/wp\/v2\/types\/page"}],"author":[{"embeddable":true,"href":"https:\/\/www.yourhomeinspain.eu\/es\/wp-json\/wp\/v2\/users\/3"}],"replies":[{"embeddable":true,"href":"https:\/\/www.yourhomeinspain.eu\/es\/wp-json\/wp\/v2\/comments?post=156"}],"version-history":[{"count":1,"href":"https:\/\/www.yourhomeinspain.eu\/es\/wp-json\/wp\/v2\/pages\/156\/revisions"}],"predecessor-version":[{"id":157,"href":"https:\/\/www.yourhomeinspain.eu\/es\/wp-json\/wp\/v2\/pages\/156\/revisions\/157"}],"wp:featuredmedia":[{"embeddable":true,"href":"https:\/\/www.yourhomeinspain.eu\/es\/wp-json\/wp\/v2\/media\/257"}],"wp:attachment":[{"href":"https:\/\/www.yourhomeinspain.eu\/es\/wp-json\/wp\/v2\/media?parent=156"}],"curies":[{"name":"wp","href":"https:\/\/api.w.org\/{rel}","templated":true}]}}