{"id":6,"date":"2020-05-06T13:43:16","date_gmt":"2020-05-06T11:43:16","guid":{"rendered":"https:\/\/www.yourhomeinspain.eu\/algemene-voorwaarden\/"},"modified":"2021-01-21T12:32:49","modified_gmt":"2021-01-21T11:32:49","slug":"laufzeitbedingungen","status":"publish","type":"page","link":"https:\/\/www.yourhomeinspain.eu\/de\/term-conditions\/","title":{"rendered":"Laufzeit &amp; Bedingungen"},"content":{"rendered":"<p>Ihre Privatsph\u00e4re ist uns wichtig. In dieser Datenschutzerkl\u00e4rung erkl\u00e4ren wir, welche pers\u00f6nlichen Daten wir von unseren Nutzern sammeln und wie wir sie verwenden. Wir empfehlen Ihnen, diese Bedingungen sorgf\u00e4ltig zu lesen, bevor Sie Ihre pers\u00f6nlichen Daten auf unserer Website angeben. http:\/\/www.yourhomeinspain.eu<\/p>\n<p>Auf dieser Website werden die pers\u00f6nlichen Daten der Nutzer respektiert und gepflegt. Als Nutzer sollten Sie wissen, dass Ihre Rechte garantiert sind.<\/p>\n<p>Wir haben uns bem\u00fcht, einen sicheren und zuverl\u00e4ssigen Raum zu schaffen, und deshalb m\u00f6chten wir Ihnen unsere Grunds\u00e4tze zum Schutz Ihrer Privatsph\u00e4re mitteilen:<\/p>\n<ul>\n<li>Wir fragen nie nach pers\u00f6nlichen Informationen, es sei denn, sie sind wirklich notwendig, um die von Ihnen gew\u00fcnschten Dienstleistungen zu erbringen.<\/li>\n<li>Wir geben niemals pers\u00f6nliche Informationen \u00fcber unsere Nutzer an Dritte weiter, es sei denn, dies ist gesetzlich vorgeschrieben oder Sie haben uns ausdr\u00fccklich dazu erm\u00e4chtigt.<\/li>\n<li>Wir verwenden Ihre personenbezogenen Daten niemals zu einem anderen Zweck als dem, der in dieser Datenschutzrichtlinie angegeben ist.<\/li>\n<\/ul>\n<p>Es wird darauf hingewiesen, dass sich diese Datenschutzerkl\u00e4rung je nach den gesetzlichen Anforderungen oder der Selbstregulierung \u00e4ndern kann, so dass den Benutzern empfohlen wird, sie regelm\u00e4\u00dfig zu lesen. Sie gilt f\u00fcr den Fall, dass sich die Nutzer entscheiden, ein Kontaktformular auszuf\u00fcllen, in dem personenbezogene Daten erhoben werden.<\/p>\n<p>Your Home In Spain hat diese Website an die Anforderungen des Organgesetzes 15\/1999 vom 13. Dezember zum Schutz personenbezogener Daten (LOPD) und des K\u00f6niglichen Dekrets 1720\/2007 vom 21. Dezember, bekannt als Verordnung zur Weiterentwicklung des LOPD, angepasst. Sie entspricht auch der Verordnung (EU) 2016\/679 des Europ\u00e4ischen Parlaments und des Rates vom 27. April 2016 zum Schutz nat\u00fcrlicher Personen (RGPD) sowie dem Gesetz 34\/2002 vom 11. Juli \u00fcber Dienstleistungen der Informationsgesellschaft und des elektronischen Handels (LSSICE oder LSSI).<\/p>\n<p>Im Sinne der oben genannten Bestimmungen der Allgemeinen Datenschutzverordnung werden die personenbezogenen Daten, die Sie uns \u00fcber die Webformulare \u00fcbermitteln, der Datenbehandlung von \u201cWebnutzern und Abonnenten\u201d unterzogen.<\/p>\n<p>F\u00fcr die Behandlung der Daten unserer Nutzer setzen wir alle technischen und organisatorischen Sicherheitsma\u00dfnahmen ein, die in der geltenden Gesetzgebung festgelegt sind.<\/p>\n<p><strong>GRUNDS\u00c4TZE, DIE F\u00dcR IHRE PERS\u00d6NLICHEN DATEN GELTEN<\/strong><\/p>\n<p>Bei der Verarbeitung Ihrer personenbezogenen Daten werden wir die folgenden Grunds\u00e4tze anwenden, die den Anforderungen der neuen europ\u00e4ischen Datenschutzverordnung entsprechen:<\/p>\n<ul>\n<li>Grundsatz der Rechtm\u00e4\u00dfigkeit, Loyalit\u00e4t und Transparenz: Wir werden immer Ihre Zustimmung zur Verarbeitung Ihrer personenbezogenen Daten f\u00fcr einen oder mehrere bestimmte Zwecke einholen, \u00fcber die wir Sie im Voraus mit absoluter Transparenz informieren werden.<\/li>\n<li>Grundsatz der Datenminimierung: Wir fragen nur Daten ab, die f\u00fcr die Zwecke, f\u00fcr die wir sie ben\u00f6tigen, unbedingt erforderlich sind. Das m\u00f6gliche Minimum.<\/li>\n<li>Grundsatz der Begrenzung der Aufbewahrungsfrist: Die Daten werden nicht l\u00e4nger aufbewahrt, als es f\u00fcr die Zwecke der Behandlung erforderlich ist. Je nach Zweck werden wir Sie \u00fcber die entsprechende Aufbewahrungsfrist informieren, im Falle von Abonnements werden wir unsere Listen regelm\u00e4\u00dfig \u00fcberpr\u00fcfen und die seit geraumer Zeit inaktiven Datens\u00e4tze l\u00f6schen.<\/li>\n<li>Grundsatz der Integrit\u00e4t und Vertraulichkeit: Ihre Daten werden so behandelt, dass eine angemessene Sicherheit der personenbezogenen Daten gew\u00e4hrleistet ist und die Vertraulichkeit garantiert wird. Sie sollten wissen, dass wir alle notwendigen Vorkehrungen treffen, um den unbefugten Zugriff oder die missbr\u00e4uchliche Verwendung der Daten unserer Nutzer durch Dritte zu verhindern.<\/li>\n<\/ul>\n<p><strong>BESCHAFFUNG IHRER DATEN<\/strong><\/p>\n<p>Die pers\u00f6nlichen Daten, die wir in Your Home In Spain verarbeiten, stammen von:<\/p>\n<ul>\n<li>Formular f\u00fcr das Abonnement<\/li>\n<li>Oder durch einen Dritten, dem Sie die Erlaubnis erteilt haben, uns Ihren Kontakt zu \u00fcbermitteln und so unsere Dienste anzubieten.<\/li>\n<\/ul>\n<p><strong>IHRE RECHTE<\/strong><\/p>\n<p>Jeder hat das Recht, eine Best\u00e4tigung dar\u00fcber zu erhalten, ob Your Home In Spain personenbezogene Daten verarbeitet, die uns betreffen, oder nicht.<\/p>\n<p>Interessierte Personen haben das Recht auf:<\/p>\n<ul>\n<li>Antrag auf Zugang zu den personenbezogenen Daten der betroffenen Person<\/li>\n<li>Antrag auf Berichtigung oder L\u00f6schung<\/li>\n<li>Beantragung einer Einschr\u00e4nkung Ihrer Behandlung<\/li>\n<li>Die Behandlung ablehnen<\/li>\n<li>Beantragen Sie die \u00dcbertragbarkeit der Daten<\/li>\n<\/ul>\n<p>Die Betroffenen haben das Recht, auf ihre personenbezogenen Daten zuzugreifen und die Berichtigung unrichtiger Daten oder gegebenenfalls deren L\u00f6schung zu verlangen, wenn die Daten unter anderem f\u00fcr die Zwecke, f\u00fcr die sie erhoben wurden, nicht mehr erforderlich sind. Unter bestimmten Umst\u00e4nden k\u00f6nnen die Betroffenen die Einschr\u00e4nkung der Verarbeitung ihrer Daten verlangen; in diesem Fall werde ich sie nur zur Geltendmachung oder Verteidigung von Anspr\u00fcchen aufbewahren.<\/p>\n<p>Unter bestimmten Umst\u00e4nden und aus Gr\u00fcnden, die mit ihrer besonderen Situation zusammenh\u00e4ngen, k\u00f6nnen die betroffenen Personen der Verarbeitung ihrer Daten widersprechen. Your Home In Spain wird die Verarbeitung der Daten einstellen, es sei denn, es liegen zwingende legitime Gr\u00fcnde vor oder es geht um die Aus\u00fcbung oder Verteidigung m\u00f6glicher Anspr\u00fcche. Als Betroffener haben Sie das Recht, die Sie betreffenden personenbezogenen Daten, die Sie uns zur Verf\u00fcgung gestellt haben, in einem strukturierten, allgemein \u00fcblichen und maschinell lesbaren Format zu erhalten und sie an einen anderen f\u00fcr die Verarbeitung Verantwortlichen zu \u00fcbermitteln, wenn:<\/p>\n<ul>\n<li>Die Behandlung beruht auf Zustimmung<\/li>\n<li>Die Daten wurden von der betroffenen Person zur Verf\u00fcgung gestellt.<\/li>\n<li>Die Behandlung erfolgt mit automatischen Mitteln.<\/li>\n<\/ul>\n<p>Bei der Aus\u00fcbung Ihres Rechts auf Daten\u00fcbertragbarkeit haben Sie das Recht, dass die personenbezogenen Daten direkt vom Verantwortlichen an den Verantwortlichen \u00fcbermittelt werden, sofern dies technisch m\u00f6glich ist.<\/p>\n<p>Betroffene Personen haben au\u00dferdem das Recht auf wirksamen Rechtsschutz und k\u00f6nnen sich an die Aufsichtsbeh\u00f6rde, in diesem Fall die spanische Datenschutzbeh\u00f6rde, wenden, wenn sie der Ansicht sind, dass die Verarbeitung der sie betreffenden personenbezogenen Daten gegen die Verordnung verst\u00f6\u00dft.<\/p>\n<p><strong>ZWECK DER VERARBEITUNG IHRER PERSONENBEZOGENEN DATEN<\/strong><\/p>\n<p>Wenn ein Nutzer eine Verbindung zu dieser Website herstellt, z.B. um sich f\u00fcr eine Immobilie zu interessieren, eine E-Mail an den Eigent\u00fcmer zu senden, sich anzumelden oder einen Vertrag abzuschlie\u00dfen, stellt er pers\u00f6nliche Daten zur Verf\u00fcgung, f\u00fcr die Your Home In Spain verantwortlich ist. Diese Informationen k\u00f6nnen pers\u00f6nliche Daten wie Ihre IP-Adresse, Name, Adresse oder physische Adresse, E-Mail-Adresse, Telefonnummer und andere Informationen enthalten. Durch die Bereitstellung dieser Informationen gibt der Nutzer sein Einverst\u00e4ndnis, dass seine Daten von http:\/\/www.yourhomeinspain.eu gesammelt, verwendet, verwaltet und gespeichert werden, und zwar nur wie im Impressum und in dieser Datenschutzerkl\u00e4rung beschrieben.<\/p>\n<p>In Your Home In Spain gibt es ein System zur Erfassung von pers\u00f6nlichen Daten und ich behandle die von interessierten Personen zur Verf\u00fcgung gestellten Informationen mit dem folgenden Zweck f\u00fcr jedes Erfassungssystem (Formulare):<\/p>\n<ul>\n<li>Kontaktformular und Abonnement von Inhalten: In diesem Fall verlange ich die folgenden pers\u00f6nlichen Daten: Name, E-Mail, IP-Adresse, um die Liste der Abonnements zu verwalten, Newsletter, Werbeaktionen und Sonderangebote zu versenden, die Anforderungen und Zweifel \u00fcber bestimmte H\u00e4user zu beantworten, die vom Benutzer bei der Anmeldung angegeben werden. Im Web gibt es mehrere Formulare, um das Abonnement zu aktivieren. Die elektronischen Bulletins oder Newsletter werden von Your Home In Spain verwaltet. Ich informiere Sie, dass die Daten, die Sie zur Verf\u00fcgung stellen, auf dem Server von Your Home In Spain gespeichert werden.<\/li>\n<\/ul>\n<p>Es gibt weitere Zwecke, f\u00fcr die ich Ihre personenbezogenen Daten verwende:<\/p>\n<ul>\n<li>Die Einhaltung der Nutzungsbedingungen und des geltenden Rechts zu gew\u00e4hrleisten. Dies kann die Entwicklung von Werkzeugen und Algorithmen beinhalten, die dieser Website helfen, die Vertraulichkeit der gesammelten personenbezogenen Daten zu gew\u00e4hrleisten.<\/li>\n<li>Zur Unterst\u00fctzung und Verbesserung der auf dieser Website angebotenen Dienste.<\/li>\n<li>Andere nicht-identifizierende Daten, die durch einige Cookies erhalten werden, die auf den Computer des Nutzers heruntergeladen werden, wenn er auf dieser Website surft, und die ich in der Cookie-Richtlinie ausf\u00fchrlich beschreibe, werden ebenfalls gesammelt.<\/li>\n<li>Soziale Netzwerke verwalten: Your Home In Spain kann eine Pr\u00e4senz in sozialen Netzwerken haben. Die Behandlung der Daten, die von den Menschen, die Anh\u00e4nger in den sozialen Netzwerken der offiziellen Seiten von http:\/\/www.yourhomeinspain.eu durchgef\u00fchrt wird, wird durch diesen Abschnitt geregelt werden, sowie durch die Nutzungsbedingungen, Datenschutzrichtlinien und Zugangsregelungen, die zu dem sozialen Netzwerk geh\u00f6ren, die in jedem Fall angemessen ist und zuvor durch den Benutzer von Your Home In Spain akzeptiert. Ihre Daten werden zum Zweck der korrekten Verwaltung Ihrer Pr\u00e4senz im sozialen Netzwerk, zur Information \u00fcber Aktivit\u00e4ten, Produkte oder Dienstleistungen von Your Home In Spain sowie zu jedem anderen Zweck, den die Vorschriften der sozialen Netzwerke zulassen, verarbeitet. In keinem Fall werden wir die Profile von Followern in sozialen Netzwerken verwenden, um individuell Werbung zu versenden.<\/li>\n<\/ul>\n<p>In \u00dcbereinstimmung mit den Bestimmungen der allgemeinen europ\u00e4ischen Datenschutzverordnung (RGPD) 2016\/679 ist Your Home In Spain f\u00fcr die Verarbeitung der Daten der Nutzer der Website und der Abonnenten verantwortlich.<\/p>\n<p>Your Home In Spain verkauft, vermietet oder gibt pers\u00f6nliche Daten, die den Benutzer identifizieren k\u00f6nnen, nicht an Dritte weiter und wird dies auch in Zukunft nicht tun, ohne vorherige Zustimmung. In einigen F\u00e4llen kann es jedoch zu einer Zusammenarbeit mit anderen Fachleuten kommen. In diesen F\u00e4llen ist die Zustimmung der Nutzer erforderlich, die \u00fcber die Identit\u00e4t des Mitarbeiters und den Zweck der Zusammenarbeit informiert. Dabei werden stets die strengsten Sicherheitsstandards eingehalten.<\/p>\n<p><strong>Versenden von E-Mail-Nachrichten zu Kontaktzwecken<\/strong><\/p>\n<p>Ein besonderer Fall der Datenverarbeitung in Your Home In Spain, bezieht sich auf die E-Mail-Nachrichten, die Benutzer senden, um Your Home In Spain zu kontaktieren. Benutzer k\u00f6nnen Fragen \u00fcber die H\u00e4user auf der Website ver\u00f6ffentlicht, senden Sie Anregungen oder einen anderen Zweck.<\/p>\n<p>Obwohl es kein Formular zur Datenerfassung gibt, k\u00f6nnen die Nutzer zur Kontaktaufnahme E-Mails senden. Zu diesem Zweck verwendet Your Home In Spain das E-Mail-System von Hostnet.nl, Outlook (Microsoft) und Google. Die Nachrichten der Nutzer zu diesem Zweck werden in den Konten von Your Home In Spain gespeichert und die entsprechenden Daten (E-Mail und Name) unter der Microsoft-Datenschutzrichtlinie.<\/p>\n<p>Die in den Outlook-Konten von Your Home In Spain gespeicherten Daten werden weder weitergegeben noch mit anderen geteilt; und Sie k\u00f6nnen Ihre gesetzlichen Rechte aus\u00fcben, wie in dieser Datenschutzrichtlinie angegeben.<\/p>\n<p><strong>Legitimation f\u00fcr die Verarbeitung Ihrer Daten<\/strong><\/p>\n<p>Die Rechtsgrundlage f\u00fcr die Verarbeitung Ihrer Daten ist: die Einwilligung.<\/p>\n<p>Um mit dieser Website in Kontakt zu treten oder Kommentare abzugeben, ist die Zustimmung zu dieser Datenschutzrichtlinie erforderlich.<\/p>\n<p>Das prospektive oder kommerzielle Angebot von Produkten und Dienstleistungen basiert auf der Zustimmung, die angefordert wird, ohne dass in jedem Fall der Widerruf dieser Zustimmung die Ausf\u00fchrung des Abonnementvertrags bedingt.<\/p>\n<p>Kategorie der Daten<\/p>\n<p>Bei den behandelten Datenkategorien handelt es sich um identifizierende Daten, besonders gesch\u00fctzte Datenkategorien werden nicht behandelt.<\/p>\n<p>Die \u00fcbermittelten personenbezogenen Daten werden aufbewahrt:<\/p>\n<ul>\n<li>Bis der Betroffene die L\u00f6schung beantragt.<\/li>\n<\/ul>\n<p><strong>DATEN\u00dcBERMITTLUNG AN DRITTE<\/strong><\/p>\n<p>Viele Tools, die wir zur Verwaltung Ihrer Daten verwenden, werden von Dritten gemietet.<\/p>\n<p>Zur Erbringung von Dienstleistungen, die f\u00fcr die Entwicklung der T\u00e4tigkeit unbedingt erforderlich sind, teilt http:\/\/www.yourhomeinspain.eu Daten mit den folgenden Anbietern unter deren entsprechenden Datenschutzbedingungen:<\/p>\n<p>Google Analytics: ein Webanalysedienst der Google Inc. mit Sitz in 1600 Amphitheatre Parkway, Mountain View (Kalifornien), CA 94043, Vereinigte Staaten (\u201cGoogle\u201d). Google Analytics verwendet sog. \u201cCookies\u201d, Textdateien, die auf Ihrem Computer gespeichert werden und die eine Analyse der Benutzung der Website durch Sie erm\u00f6glichen http: \/\/ www.yourhomeinspain.eu. Die durch den Cookie erzeugten Informationen \u00fcber Ihre Benutzung von http:\/\/www.yourhomeinspain.eu werden in der Regel an einen Server von Google in den USA \u00fcbertragen und dort archiviert. Die IP-Adresse wird anonymisiert, so dass sie von Google nicht erfasst wird.<\/p>\n<p>Hosting und Webplattform: Hostnet.nl. Besch\u00e4ftigt sich mit den Daten, um ihre Hosting-Dienstleistungen f\u00fcr Your Home In Spain durchzuf\u00fchren.<\/p>\n<p><strong>Navigation<\/strong><\/p>\n<p>Beim Surfen auf http:\/\/www.yourhomeinspain.eu k\u00f6nnen Sie nicht identifizierbare Daten sammeln, darunter IP-Adressen, geografische Standorte (ungef\u00e4hr), Aufzeichnungen \u00fcber die Nutzung von Diensten und Websites und andere Daten, die nicht zur Identifizierung des Nutzers verwendet werden k\u00f6nnen. Zu den nicht identifizierbaren Daten geh\u00f6ren auch solche, die sich auf Ihre Surfgewohnheiten bei Diensten Dritter beziehen. Diese Website nutzt die folgenden Analysedienste Dritter:<\/p>\n<ul>\n<li>Google-Analysen<\/li>\n<\/ul>\n<p>Ich verwende diese Informationen, um Trends zu analysieren, die Website zu verwalten, die Bewegungen der Nutzer auf der Website zu verfolgen und demografische Informationen \u00fcber meine Nutzerbasis als Ganzes zu sammeln.<\/p>\n<p><strong>Datensicherheit und Geheimhaltung<\/strong><\/p>\n<p>http:\/\/www.yourhomeinspain.eu verpflichtet sich, die pers\u00f6nlichen Daten der Benutzer zu verwenden und zu behandeln, ihre Vertraulichkeit zu respektieren und sie in \u00dcbereinstimmung mit dem Zweck derselben zu verwenden, sowie ihrer Verpflichtung nachzukommen, alle Ma\u00dfnahmen zu speichern und anzupassen, um eine Ver\u00e4nderung, einen Verlust, eine Behandlung oder einen unbefugten Zugriff zu vermeiden, in \u00dcbereinstimmung mit den Bestimmungen der geltenden Datenschutzbestimmungen.<\/p>\n<p>Diese Website enth\u00e4lt ein SSL-Zertifikat. Es ist ein Sicherheitsprotokoll, das daf\u00fcr sorgt, dass Ihre Daten auf integrale und sichere Weise \u00fcbertragen werden, d. h. die \u00dcbertragung von Daten zwischen einem Server und einem Webbenutzer und in der R\u00fcckkopplung vollst\u00e4ndig verschl\u00fcsselt oder verschl\u00fcsselt ist.<\/p>\n<p>http:\/\/www.yourhomeinspain.eucan garantiert nicht die absolute Unverletzlichkeit des Internet-Netzes und damit die Verletzung von Daten durch betr\u00fcgerischen Zugriff auf sie durch Dritte.<\/p>\n<p>Im Hinblick auf die Vertraulichkeit der Datenverarbeitung stellt Your Home In Spain sicher, dass alle Personen, die von Your Home In Spain zur Verarbeitung der Kundendaten erm\u00e4chtigt sind (einschlie\u00dflich seiner Mitarbeiter, Mitarbeiter und Dienstleister), einer angemessenen Vertraulichkeitsverpflichtung unterliegen (entweder vertraglich oder gesetzlich).<\/p>\n<p>Wenn ein Sicherheitsvorfall eintritt, muss Your Home In Spain den Kunden unverz\u00fcglich benachrichtigen und ihm rechtzeitig Informationen \u00fcber den Sicherheitsvorfall zur Verf\u00fcgung stellen, sobald diese bekannt sind oder wenn der Kunde sie in angemessener Weise anfordert.<\/p>\n<p><strong>Genauigkeit und Richtigkeit der Daten<\/strong><\/p>\n<p>Als Nutzer sind Sie allein verantwortlich f\u00fcr die Genauigkeit und Richtigkeit der Daten, die Sie an http:\/\/www.yourhomeinspain.eu senden und entbinden Your Home In Spain von jeglicher Verantwortung in dieser Hinsicht.<\/p>\n<p>Der Nutzer garantiert und antwortet in jedem Fall auf die Richtigkeit, G\u00fcltigkeit und Authentizit\u00e4t der angegebenen personenbezogenen Daten und verpflichtet sich, diese ordnungsgem\u00e4\u00df auf dem neuesten Stand zu halten. Der Nutzer verpflichtet sich, vollst\u00e4ndige und korrekte Angaben im Kontakt- oder Anmeldeformular zu machen.<\/p>\n<p><strong>Akzeptanz und Zustimmung<\/strong><\/p>\n<p>Der Benutzer erkl\u00e4rt, \u00fcber die Bedingungen zum Schutz der pers\u00f6nlichen Daten informiert worden zu sein, und akzeptiert die Behandlung dieser Daten durch Your Home In Spain in der Art und Weise und zu den Zwecken, die in dieser Datenschutzrichtlinie angegeben sind, und stimmt dieser zu.<\/p>\n<p><strong>Widerrufbarkeit<\/strong><\/p>\n<p>Die erteilte Zustimmung, sowohl f\u00fcr die Behandlung als auch f\u00fcr die Weitergabe der Daten der Betroffenen, kann jederzeit widerrufen werden, indem sie Your Home In Spain gem\u00e4\u00df den in dieser Richtlinie festgelegten Bedingungen f\u00fcr die Aus\u00fcbung der Rechte von ARCO mitgeteilt wird. Dieser Widerruf wird in keinem Fall r\u00fcckwirkend sein.<\/p>\n<p><strong>\u00c4nderungen der Datenschutzrichtlinie<\/strong><\/p>\n<p>Your Home In Spain beh\u00e4lt sich das Recht vor, diese Politik zu \u00e4ndern, um sie an Entwicklungen in der Gesetzgebung oder der Rechtsprechung sowie an Branchenpraktiken anzupassen. In diesen F\u00e4llen wird Your Home In Spain auf dieser Seite die \u00c4nderungen bekannt geben, die mit einer angemessenen Vorlaufzeit f\u00fcr die Umsetzung eingef\u00fchrt werden.<\/p>\n<p><strong>Kommerzielles Postamt<\/strong><\/p>\n<p>Nach dem LSSICE, http:\/\/www.yourhomeinspain.eu f\u00fchrt keine SPAM-Praktiken, so dass es nicht senden kommerzielle E-Mails, die nicht zuvor angefordert oder genehmigt durch den Benutzer. Folglich hat der Benutzer in jedem der auf der Website verf\u00fcgbaren Formulare die M\u00f6glichkeit, seine ausdr\u00fcckliche Zustimmung zum Erhalt des Newsletters zu geben, unabh\u00e4ngig von den sofort angeforderten kommerziellen Informationen.<\/p>\n<p>Gem\u00e4\u00df den Bestimmungen des Gesetzes 34\/2002 \u00fcber die Dienste der Informationsgesellschaft und den elektronischen Gesch\u00e4ftsverkehr verpflichtet sich http:\/\/www.yourhomeinspain.eu, keine Mitteilungen kommerzieller Art zu versenden, ohne sie ordnungsgem\u00e4\u00df zu kennzeichnen.<\/p>","protected":false},"excerpt":{"rendered":"<p>Your privacy is important to us. In this privacy statement we explain what personal information we collect from our users and how we use them. We encourage you to read these terms carefully before providing your personal information to our website. http:\/\/www.yourhomeinspain.eu On this website, the personal data of the users are respected and taken&#8230; <a class=\"read-more\" href=\"https:\/\/www.yourhomeinspain.eu\/de\/term-conditions\/\"><\/a><\/p>","protected":false},"author":3,"featured_media":0,"parent":0,"menu_order":0,"comment_status":"closed","ping_status":"closed","template":"","meta":{"_acf_changed":false,"footnotes":""},"class_list":["post-6","page","type-page","status-publish","hentry"],"acf":[],"yoast_head":"<!-- This site is optimized with the Yoast SEO plugin v27.3 - https:\/\/yoast.com\/product\/yoast-seo-wordpress\/ -->\n<title>Term &amp; Conditions - Your Home in Spain<\/title>\n<meta name=\"description\" content=\"Your privacy is important to us. In this privacy statement we explain what personal information we collect from our users and how we use them. We\" \/>\n<meta name=\"robots\" content=\"index, follow, max-snippet:-1, max-image-preview:large, max-video-preview:-1\" \/>\n<link rel=\"canonical\" href=\"https:\/\/www.yourhomeinspain.eu\/de\/laufzeitbedingungen\/\" \/>\n<meta property=\"og:locale\" content=\"de_DE\" \/>\n<meta property=\"og:type\" content=\"article\" \/>\n<meta property=\"og:title\" content=\"Term &amp; Conditions - Your Home in Spain\" \/>\n<meta property=\"og:description\" content=\"Your privacy is important to us. In this privacy statement we explain what personal information we collect from our users and how we use them. We\" \/>\n<meta property=\"og:url\" content=\"https:\/\/www.yourhomeinspain.eu\/de\/laufzeitbedingungen\/\" \/>\n<meta property=\"og:site_name\" content=\"Your Home in Spain\" \/>\n<meta property=\"article:modified_time\" content=\"2021-01-21T11:32:49+00:00\" \/>\n<meta name=\"twitter:card\" content=\"summary_large_image\" \/>\n<meta name=\"twitter:label1\" content=\"Gesch\u00e4tzte Lesezeit\" \/>\n\t<meta name=\"twitter:data1\" content=\"11\u00a0Minuten\" \/>\n<script type=\"application\/ld+json\" class=\"yoast-schema-graph\">{\"@context\":\"https:\\\/\\\/schema.org\",\"@graph\":[{\"@type\":\"WebPage\",\"@id\":\"https:\\\/\\\/www.yourhomeinspain.eu\\\/term-conditions\\\/\",\"url\":\"https:\\\/\\\/www.yourhomeinspain.eu\\\/term-conditions\\\/\",\"name\":\"Term &amp; Conditions - Your Home in Spain\",\"isPartOf\":{\"@id\":\"https:\\\/\\\/www.yourhomeinspain.eu\\\/#website\"},\"datePublished\":\"2020-05-06T11:43:16+00:00\",\"dateModified\":\"2021-01-21T11:32:49+00:00\",\"description\":\"Your privacy is important to us. In this privacy statement we explain what personal information we collect from our users and how we use them. We\",\"breadcrumb\":{\"@id\":\"https:\\\/\\\/www.yourhomeinspain.eu\\\/term-conditions\\\/#breadcrumb\"},\"inLanguage\":\"de\",\"potentialAction\":[{\"@type\":\"ReadAction\",\"target\":[\"https:\\\/\\\/www.yourhomeinspain.eu\\\/term-conditions\\\/\"]}]},{\"@type\":\"BreadcrumbList\",\"@id\":\"https:\\\/\\\/www.yourhomeinspain.eu\\\/term-conditions\\\/#breadcrumb\",\"itemListElement\":[{\"@type\":\"ListItem\",\"position\":1,\"name\":\"Home\",\"item\":\"https:\\\/\\\/www.yourhomeinspain.eu\\\/\"},{\"@type\":\"ListItem\",\"position\":2,\"name\":\"Term &amp; Conditions\"}]},{\"@type\":\"WebSite\",\"@id\":\"https:\\\/\\\/www.yourhomeinspain.eu\\\/#website\",\"url\":\"https:\\\/\\\/www.yourhomeinspain.eu\\\/\",\"name\":\"Your Home in Spain\",\"description\":\"\",\"potentialAction\":[{\"@type\":\"SearchAction\",\"target\":{\"@type\":\"EntryPoint\",\"urlTemplate\":\"https:\\\/\\\/www.yourhomeinspain.eu\\\/?s={search_term_string}\"},\"query-input\":{\"@type\":\"PropertyValueSpecification\",\"valueRequired\":true,\"valueName\":\"search_term_string\"}}],\"inLanguage\":\"de\"}]}<\/script>\n<!-- \/ Yoast SEO plugin. -->","yoast_head_json":{"title":"Bedingungen und Konditionen - Ihr Zuhause in Spanien","description":"Ihre Privatsph\u00e4re ist uns wichtig. In dieser Datenschutzerkl\u00e4rung erkl\u00e4ren wir, welche pers\u00f6nlichen Daten wir von unseren Nutzern sammeln und wie wir sie verwenden. Wir","robots":{"index":"index","follow":"follow","max-snippet":"max-snippet:-1","max-image-preview":"max-image-preview:large","max-video-preview":"max-video-preview:-1"},"canonical":"https:\/\/www.yourhomeinspain.eu\/de\/laufzeitbedingungen\/","og_locale":"de_DE","og_type":"article","og_title":"Term &amp; Conditions - Your Home in Spain","og_description":"Your privacy is important to us. In this privacy statement we explain what personal information we collect from our users and how we use them. We","og_url":"https:\/\/www.yourhomeinspain.eu\/de\/laufzeitbedingungen\/","og_site_name":"Your Home in Spain","article_modified_time":"2021-01-21T11:32:49+00:00","twitter_card":"summary_large_image","twitter_misc":{"Gesch\u00e4tzte Lesezeit":"11\u00a0Minuten"},"schema":{"@context":"https:\/\/schema.org","@graph":[{"@type":"WebPage","@id":"https:\/\/www.yourhomeinspain.eu\/term-conditions\/","url":"https:\/\/www.yourhomeinspain.eu\/term-conditions\/","name":"Bedingungen und Konditionen - Ihr Zuhause in Spanien","isPartOf":{"@id":"https:\/\/www.yourhomeinspain.eu\/#website"},"datePublished":"2020-05-06T11:43:16+00:00","dateModified":"2021-01-21T11:32:49+00:00","description":"Ihre Privatsph\u00e4re ist uns wichtig. In dieser Datenschutzerkl\u00e4rung erkl\u00e4ren wir, welche pers\u00f6nlichen Daten wir von unseren Nutzern sammeln und wie wir sie verwenden. Wir","breadcrumb":{"@id":"https:\/\/www.yourhomeinspain.eu\/term-conditions\/#breadcrumb"},"inLanguage":"de","potentialAction":[{"@type":"ReadAction","target":["https:\/\/www.yourhomeinspain.eu\/term-conditions\/"]}]},{"@type":"BreadcrumbList","@id":"https:\/\/www.yourhomeinspain.eu\/term-conditions\/#breadcrumb","itemListElement":[{"@type":"ListItem","position":1,"name":"Home","item":"https:\/\/www.yourhomeinspain.eu\/"},{"@type":"ListItem","position":2,"name":"Term &amp; Conditions"}]},{"@type":"WebSite","@id":"https:\/\/www.yourhomeinspain.eu\/#website","url":"https:\/\/www.yourhomeinspain.eu\/","name":"Ihr Zuhause in Spanien","description":"","potentialAction":[{"@type":"SearchAction","target":{"@type":"EntryPoint","urlTemplate":"https:\/\/www.yourhomeinspain.eu\/?s={search_term_string}"},"query-input":{"@type":"PropertyValueSpecification","valueRequired":true,"valueName":"search_term_string"}}],"inLanguage":"de"}]}},"_links":{"self":[{"href":"https:\/\/www.yourhomeinspain.eu\/de\/wp-json\/wp\/v2\/pages\/6","targetHints":{"allow":["GET"]}}],"collection":[{"href":"https:\/\/www.yourhomeinspain.eu\/de\/wp-json\/wp\/v2\/pages"}],"about":[{"href":"https:\/\/www.yourhomeinspain.eu\/de\/wp-json\/wp\/v2\/types\/page"}],"author":[{"embeddable":true,"href":"https:\/\/www.yourhomeinspain.eu\/de\/wp-json\/wp\/v2\/users\/3"}],"replies":[{"embeddable":true,"href":"https:\/\/www.yourhomeinspain.eu\/de\/wp-json\/wp\/v2\/comments?post=6"}],"version-history":[{"count":3,"href":"https:\/\/www.yourhomeinspain.eu\/de\/wp-json\/wp\/v2\/pages\/6\/revisions"}],"predecessor-version":[{"id":2427,"href":"https:\/\/www.yourhomeinspain.eu\/de\/wp-json\/wp\/v2\/pages\/6\/revisions\/2427"}],"wp:attachment":[{"href":"https:\/\/www.yourhomeinspain.eu\/de\/wp-json\/wp\/v2\/media?parent=6"}],"curies":[{"name":"wp","href":"https:\/\/api.w.org\/{rel}","templated":true}]}}