{"id":49,"date":"2020-05-06T14:01:50","date_gmt":"2020-05-06T12:01:50","guid":{"rendered":"https:\/\/www.yourhomeinspain.eu\/over-ons\/"},"modified":"2026-03-17T11:10:57","modified_gmt":"2026-03-17T10:10:57","slug":"uber-uns","status":"publish","type":"page","link":"https:\/\/www.yourhomeinspain.eu\/de\/about-us\/","title":{"rendered":"\u00dcber uns"},"content":{"rendered":"<p><img loading=\"lazy\" decoding=\"async\" width=\"400\" height=\"277\" class=\"alignnone size-medium wp-image-6529\" src=\"https:\/\/www.yourhomeinspain.eu\/wp-content\/uploads\/sites\/464\/2025\/05\/Voorbeeld-zwembad-2-400x277.jpg\" srcset=\"https:\/\/www.yourhomeinspain.eu\/wp-content\/uploads\/sites\/464\/2025\/05\/Voorbeeld-zwembad-2-400x277.jpg 400w, https:\/\/www.yourhomeinspain.eu\/wp-content\/uploads\/sites\/464\/2025\/05\/Voorbeeld-zwembad-2-800x553.jpg 800w, https:\/\/www.yourhomeinspain.eu\/wp-content\/uploads\/sites\/464\/2025\/05\/Voorbeeld-zwembad-2-768x531.jpg 768w, https:\/\/www.yourhomeinspain.eu\/wp-content\/uploads\/sites\/464\/2025\/05\/Voorbeeld-zwembad-2-1536x1062.jpg 1536w, https:\/\/www.yourhomeinspain.eu\/wp-content\/uploads\/sites\/464\/2025\/05\/Voorbeeld-zwembad-2.jpg 1600w\" sizes=\"auto, (max-width: 400px) 100vw, 400px\" \/><\/p>\n<p>Wir haben <strong>Ihr Zuhause in Spanien<\/strong> um unser Bestreben zu verwirklichen, unseren Kunden ein individuelles Immobilienerlebnis zu bieten. Nachdem wir f\u00fcr gro\u00dfe und luxuri\u00f6se Immobilienunternehmen gearbeitet hatten, vermissten wir die pers\u00f6nliche Note. Es ging um den Verkauf und nicht um den Kunden. Wir glauben nicht mehr an diesen Ansatz und f\u00fchlen uns damit nicht mehr wohl. Deshalb haben wir Your Home In Spain gegr\u00fcndet, um einen Boutique-Service anbieten zu k\u00f6nnen, bei dem es nur um Sie geht.<\/p>\n<p>Wir haben die Flexibilit\u00e4t, auf die individuellen Bed\u00fcrfnisse und Anforderungen unserer Kunden einzugehen. Wir sind stolz darauf, f\u00fcr jeden einzelnen Kunden das Beste zu erreichen und dabei nie die Interessen des Kunden zu vernachl\u00e4ssigen. Wir glauben daran, dass jeder Aspekt der Immobilientransaktionen unserer Kunden einen Mehrwert darstellt.<\/p>\n<p>Your Home In Spain wird sich immer auf gro\u00dfartige Ergebnisse und den Aufbau vertrauensvoller und sinnvoller Beziehungen zu unseren Kunden konzentrieren. Alles, was wir tun, basiert auf dem Verst\u00e4ndnis, dass der Verk\u00e4ufer auf der Suche nach dem optimalen Preis und der K\u00e4ufer auf der Suche nach der optimalen Wohnung ist.<\/p>\n<p>Mit mehr als 40 Jahren Erfahrung in der Immobilienbranche genie\u00dfen wir es, jeden Tag mit dem Wissen zu beenden, dass unser Gesch\u00e4ft einen positiven Einfluss auf die F\u00e4higkeit unserer Kunden hatte, ihre pers\u00f6nlichen Bed\u00fcrfnisse und W\u00fcnsche zu verwirklichen.  Unser Wunsch, Menschen zum L\u00e4cheln zu bringen, steht hinter all unseren Leistungen und macht die Zusammenarbeit mit Your Home In Spain zu einem gro\u00dfen Vergn\u00fcgen.<\/p>","protected":false},"excerpt":{"rendered":"<p>We established Your Home In Spain to realise our aspiration to deliver a personalised real estate experience to our clients. After working for large and luxury real estate companies we missed the personal touch. It was about the sales and not about the customer. We do not believe or feel comfortable with such approach anymore&#8230; <a class=\"read-more\" href=\"https:\/\/www.yourhomeinspain.eu\/de\/about-us\/\"><\/a><\/p>","protected":false},"author":3,"featured_media":0,"parent":0,"menu_order":0,"comment_status":"closed","ping_status":"closed","template":"template_7inlae5wp","meta":{"_acf_changed":false,"footnotes":""},"class_list":["post-49","page","type-page","status-publish","hentry"],"acf":[],"yoast_head":"<!-- This site is optimized with the Yoast SEO plugin v27.3 - https:\/\/yoast.com\/product\/yoast-seo-wordpress\/ -->\n<title>About Us - Your Home in Spain<\/title>\n<meta name=\"description\" content=\"We established Your Home In Spain to realise our aspiration to deliver a personalised real estate experience to our clients. After working for large and\" \/>\n<meta name=\"robots\" content=\"index, follow, max-snippet:-1, max-image-preview:large, max-video-preview:-1\" \/>\n<link rel=\"canonical\" href=\"https:\/\/www.yourhomeinspain.eu\/de\/uber-uns\/\" \/>\n<meta property=\"og:locale\" content=\"de_DE\" \/>\n<meta property=\"og:type\" content=\"article\" \/>\n<meta property=\"og:title\" content=\"About Us - Your Home in Spain\" \/>\n<meta property=\"og:description\" content=\"We established Your Home In Spain to realise our aspiration to deliver a personalised real estate experience to our clients. After working for large and\" \/>\n<meta property=\"og:url\" content=\"https:\/\/www.yourhomeinspain.eu\/de\/uber-uns\/\" \/>\n<meta property=\"og:site_name\" content=\"Your Home in Spain\" \/>\n<meta property=\"article:modified_time\" content=\"2026-03-17T10:10:57+00:00\" \/>\n<meta property=\"og:image\" content=\"https:\/\/www.yourhomeinspain.eu\/wp-content\/uploads\/sites\/464\/2025\/05\/Voorbeeld-zwembad-2.jpg\" \/>\n\t<meta property=\"og:image:width\" content=\"1600\" \/>\n\t<meta property=\"og:image:height\" content=\"1106\" \/>\n\t<meta property=\"og:image:type\" content=\"image\/jpeg\" \/>\n<meta name=\"twitter:card\" content=\"summary_large_image\" \/>\n<meta name=\"twitter:label1\" content=\"Gesch\u00e4tzte Lesezeit\" \/>\n\t<meta name=\"twitter:data1\" content=\"3\u00a0Minuten\" \/>\n<script type=\"application\/ld+json\" class=\"yoast-schema-graph\">{\"@context\":\"https:\\\/\\\/schema.org\",\"@graph\":[{\"@type\":\"WebPage\",\"@id\":\"https:\\\/\\\/www.yourhomeinspain.eu\\\/about-us\\\/\",\"url\":\"https:\\\/\\\/www.yourhomeinspain.eu\\\/about-us\\\/\",\"name\":\"About Us - Your Home in Spain\",\"isPartOf\":{\"@id\":\"https:\\\/\\\/www.yourhomeinspain.eu\\\/#website\"},\"primaryImageOfPage\":{\"@id\":\"https:\\\/\\\/www.yourhomeinspain.eu\\\/about-us\\\/#primaryimage\"},\"image\":{\"@id\":\"https:\\\/\\\/www.yourhomeinspain.eu\\\/about-us\\\/#primaryimage\"},\"thumbnailUrl\":\"https:\\\/\\\/www.yourhomeinspain.eu\\\/wp-content\\\/uploads\\\/sites\\\/464\\\/2025\\\/05\\\/Voorbeeld-zwembad-2-400x277.jpg\",\"datePublished\":\"2020-05-06T12:01:50+00:00\",\"dateModified\":\"2026-03-17T10:10:57+00:00\",\"description\":\"We established Your Home In Spain to realise our aspiration to deliver a personalised real estate experience to our clients. After working for large and\",\"breadcrumb\":{\"@id\":\"https:\\\/\\\/www.yourhomeinspain.eu\\\/about-us\\\/#breadcrumb\"},\"inLanguage\":\"de\",\"potentialAction\":[{\"@type\":\"ReadAction\",\"target\":[\"https:\\\/\\\/www.yourhomeinspain.eu\\\/about-us\\\/\"]}]},{\"@type\":\"ImageObject\",\"inLanguage\":\"de\",\"@id\":\"https:\\\/\\\/www.yourhomeinspain.eu\\\/about-us\\\/#primaryimage\",\"url\":\"https:\\\/\\\/www.yourhomeinspain.eu\\\/wp-content\\\/uploads\\\/sites\\\/464\\\/2025\\\/05\\\/Voorbeeld-zwembad-2-400x277.jpg\",\"contentUrl\":\"https:\\\/\\\/www.yourhomeinspain.eu\\\/wp-content\\\/uploads\\\/sites\\\/464\\\/2025\\\/05\\\/Voorbeeld-zwembad-2-400x277.jpg\"},{\"@type\":\"BreadcrumbList\",\"@id\":\"https:\\\/\\\/www.yourhomeinspain.eu\\\/about-us\\\/#breadcrumb\",\"itemListElement\":[{\"@type\":\"ListItem\",\"position\":1,\"name\":\"Home\",\"item\":\"https:\\\/\\\/www.yourhomeinspain.eu\\\/\"},{\"@type\":\"ListItem\",\"position\":2,\"name\":\"About Us\"}]},{\"@type\":\"WebSite\",\"@id\":\"https:\\\/\\\/www.yourhomeinspain.eu\\\/#website\",\"url\":\"https:\\\/\\\/www.yourhomeinspain.eu\\\/\",\"name\":\"Your Home in Spain\",\"description\":\"\",\"potentialAction\":[{\"@type\":\"SearchAction\",\"target\":{\"@type\":\"EntryPoint\",\"urlTemplate\":\"https:\\\/\\\/www.yourhomeinspain.eu\\\/?s={search_term_string}\"},\"query-input\":{\"@type\":\"PropertyValueSpecification\",\"valueRequired\":true,\"valueName\":\"search_term_string\"}}],\"inLanguage\":\"de\"}]}<\/script>\n<!-- \/ Yoast SEO plugin. -->","yoast_head_json":{"title":"\u00dcber uns - Ihr Zuhause in Spanien","description":"Wir haben Your Home In Spain gegr\u00fcndet, um unser Bestreben zu verwirklichen, unseren Kunden ein individuelles Immobilienerlebnis zu bieten. Nach der Arbeit f\u00fcr gro\u00dfe und","robots":{"index":"index","follow":"follow","max-snippet":"max-snippet:-1","max-image-preview":"max-image-preview:large","max-video-preview":"max-video-preview:-1"},"canonical":"https:\/\/www.yourhomeinspain.eu\/de\/uber-uns\/","og_locale":"de_DE","og_type":"article","og_title":"About Us - Your Home in Spain","og_description":"We established Your Home In Spain to realise our aspiration to deliver a personalised real estate experience to our clients. After working for large and","og_url":"https:\/\/www.yourhomeinspain.eu\/de\/uber-uns\/","og_site_name":"Your Home in Spain","article_modified_time":"2026-03-17T10:10:57+00:00","og_image":[{"width":1600,"height":1106,"url":"https:\/\/www.yourhomeinspain.eu\/wp-content\/uploads\/sites\/464\/2025\/05\/Voorbeeld-zwembad-2.jpg","type":"image\/jpeg"}],"twitter_card":"summary_large_image","twitter_misc":{"Gesch\u00e4tzte Lesezeit":"3\u00a0Minuten"},"schema":{"@context":"https:\/\/schema.org","@graph":[{"@type":"WebPage","@id":"https:\/\/www.yourhomeinspain.eu\/about-us\/","url":"https:\/\/www.yourhomeinspain.eu\/about-us\/","name":"\u00dcber uns - Ihr Zuhause in Spanien","isPartOf":{"@id":"https:\/\/www.yourhomeinspain.eu\/#website"},"primaryImageOfPage":{"@id":"https:\/\/www.yourhomeinspain.eu\/about-us\/#primaryimage"},"image":{"@id":"https:\/\/www.yourhomeinspain.eu\/about-us\/#primaryimage"},"thumbnailUrl":"https:\/\/www.yourhomeinspain.eu\/wp-content\/uploads\/sites\/464\/2025\/05\/Voorbeeld-zwembad-2-400x277.jpg","datePublished":"2020-05-06T12:01:50+00:00","dateModified":"2026-03-17T10:10:57+00:00","description":"Wir haben Your Home In Spain gegr\u00fcndet, um unser Bestreben zu verwirklichen, unseren Kunden ein individuelles Immobilienerlebnis zu bieten. Nach der Arbeit f\u00fcr gro\u00dfe und","breadcrumb":{"@id":"https:\/\/www.yourhomeinspain.eu\/about-us\/#breadcrumb"},"inLanguage":"de","potentialAction":[{"@type":"ReadAction","target":["https:\/\/www.yourhomeinspain.eu\/about-us\/"]}]},{"@type":"ImageObject","inLanguage":"de","@id":"https:\/\/www.yourhomeinspain.eu\/about-us\/#primaryimage","url":"https:\/\/www.yourhomeinspain.eu\/wp-content\/uploads\/sites\/464\/2025\/05\/Voorbeeld-zwembad-2-400x277.jpg","contentUrl":"https:\/\/www.yourhomeinspain.eu\/wp-content\/uploads\/sites\/464\/2025\/05\/Voorbeeld-zwembad-2-400x277.jpg"},{"@type":"BreadcrumbList","@id":"https:\/\/www.yourhomeinspain.eu\/about-us\/#breadcrumb","itemListElement":[{"@type":"ListItem","position":1,"name":"Home","item":"https:\/\/www.yourhomeinspain.eu\/"},{"@type":"ListItem","position":2,"name":"About Us"}]},{"@type":"WebSite","@id":"https:\/\/www.yourhomeinspain.eu\/#website","url":"https:\/\/www.yourhomeinspain.eu\/","name":"Ihr Zuhause in Spanien","description":"","potentialAction":[{"@type":"SearchAction","target":{"@type":"EntryPoint","urlTemplate":"https:\/\/www.yourhomeinspain.eu\/?s={search_term_string}"},"query-input":{"@type":"PropertyValueSpecification","valueRequired":true,"valueName":"search_term_string"}}],"inLanguage":"de"}]}},"_links":{"self":[{"href":"https:\/\/www.yourhomeinspain.eu\/de\/wp-json\/wp\/v2\/pages\/49","targetHints":{"allow":["GET"]}}],"collection":[{"href":"https:\/\/www.yourhomeinspain.eu\/de\/wp-json\/wp\/v2\/pages"}],"about":[{"href":"https:\/\/www.yourhomeinspain.eu\/de\/wp-json\/wp\/v2\/types\/page"}],"author":[{"embeddable":true,"href":"https:\/\/www.yourhomeinspain.eu\/de\/wp-json\/wp\/v2\/users\/3"}],"replies":[{"embeddable":true,"href":"https:\/\/www.yourhomeinspain.eu\/de\/wp-json\/wp\/v2\/comments?post=49"}],"version-history":[{"count":4,"href":"https:\/\/www.yourhomeinspain.eu\/de\/wp-json\/wp\/v2\/pages\/49\/revisions"}],"predecessor-version":[{"id":6652,"href":"https:\/\/www.yourhomeinspain.eu\/de\/wp-json\/wp\/v2\/pages\/49\/revisions\/6652"}],"wp:attachment":[{"href":"https:\/\/www.yourhomeinspain.eu\/de\/wp-json\/wp\/v2\/media?parent=49"}],"curies":[{"name":"wp","href":"https:\/\/api.w.org\/{rel}","templated":true}]}}